{"id":3,"date":"2025-09-29T17:14:26","date_gmt":"2025-09-29T17:14:26","guid":{"rendered":"http:\/\/xavier-llongueras.com\/?page_id=3"},"modified":"2026-01-29T21:01:06","modified_gmt":"2026-01-29T21:01:06","slug":"privacy-policy-2","status":"publish","type":"page","link":"https:\/\/xavier-llongueras.com\/index.php\/privacy-policy-2\/","title":{"rendered":"XLL Privacy Policy"},"content":{"rendered":"\n<h5 class=\"wp-block-heading\">1. Pr\u00e9sentation du site internet.<\/h5>\n\n\n\n<p><em>Propri\u00e9taire\u00a0: Xavier Llongueras \u2013  34000  Montpellier <br> x.llongueras@me.com <br>Responsable publication\u00a0: Xavier Llonguerass \u2013 x.llongueras@me.com<br>R\u00e9alisation\u00a0:\u00a0<a href=\"http:\/\/art.agnesl.fr\" data-type=\"link\" data-id=\"art.agnesl.fr\" target=\"_blank\" rel=\"noreferrer noopener\">AGNES L<\/a>\u00a0\u2013 contact@agnesl.fr<br>H\u00e9bergeur\u00a0: OVH \u2013 2 rue Kellermann 59100 Roubaix \u2013 1007<br>D\u00e9l\u00e9gu\u00e9 \u00e0 la protection des donn\u00e9es\u00a0: Xavier Llongueras &#8211; x.llongueras@me.com<\/em><\/p>\n\n\n\n<h5 class=\"wp-block-heading\">2. Conditions g\u00e9n\u00e9rales d\u2019utilisation du site.<\/h5>\n\n\n\n<p><em>Le site constitue une \u0153uvre de l\u2019esprit prot\u00e9g\u00e9e par les dispositions du code de la propri\u00e9t\u00e9 intellectuelle et des r\u00e9glementations internationales applicables.<br>Le client ne peut en aucune mani\u00e8re r\u00e9utiliser, c\u00e9der ou exploiter pour son propre compte tout ou partie des \u00e9l\u00e9ments ou travaux du site.<\/em><\/p>\n\n\n\n<p><em>L\u2019utilisation du site xavier-llongueras.com implique l\u2019acceptation pleine et enti\u00e8re des conditions g\u00e9n\u00e9rales d\u2019utilisation ci-apr\u00e8s d\u00e9crites. Ces conditions d\u2019utilisation sont susceptibles d\u2019\u00eatre modifi\u00e9es ou compl\u00e9t\u00e9es \u00e0 tout moment, les utilisateurs du site xavier-llongueras.com sont donc invit\u00e9s \u00e0 les <\/em>consulter de mani\u00e8re r\u00e9guli\u00e8re.<\/p>\n\n\n\n<p><em>Ce site internet est normalement accessible \u00e0 tout moment aux utilisateurs. Une interruption pour raison de maintenance technique peut \u00eatre toutefois d\u00e9cid\u00e9e par Xavier Llongueras qui s\u2019efforcera alors de communiquer pr\u00e9alablement aux utilisateurs les dates et heures de l\u2019intervention.<br>Le site web xavier-llongueras.com est mis \u00e0 jour r\u00e9guli\u00e8rement par Xavier Llongueras. De la m\u00eame fa\u00e7on, les mentions l\u00e9gales peuvent \u00eatre modifi\u00e9es \u00e0 tout moment : elles s\u2019imposent n\u00e9anmoins \u00e0 l\u2019utilisateur qui est invit\u00e9 \u00e0 s\u2019y r\u00e9f\u00e9rer le plus souvent possible afin d\u2019en prendre connaissance.<\/em><\/p>\n\n\n\n<h5 class=\"wp-block-heading\">3. Description des services fournis.<\/h5>\n\n\n\n<p><em>Le site internet xavier-llongueras.com a pour objet de fournir une information concernant l\u2019ensemble des activit\u00e9s de Xavier Llongueras.<br>Xavier Llongueras s\u2019efforce de fournir sur le site xavier-llongueras.com des informations aussi pr\u00e9cises que possible. Il ne pourra \u00eatre tenu responsable des oublis, des inexactitudes et des carences dans la mise \u00e0 jour, qu\u2019elles soient de son fait ou du fait des tiers partenaires qui lui fournissent ces informations.<\/em><\/p>\n\n\n\n<p><em>Toutes les informations indiqu\u00e9es sur le site xavier-llongueras.com sont donn\u00e9es \u00e0 titre indicatif, et sont susceptibles d\u2019\u00e9voluer. Les renseignements figurant sur le site xavier-llongueras.com ne sont pas exhaustifs. Ils sont donn\u00e9s sous r\u00e9serve de modifications ayant \u00e9t\u00e9 apport\u00e9es depuis leur mise en ligne.<\/em><\/p>\n\n\n\n<h5 class=\"wp-block-heading\">4. Limitations contractuelles sur les donn\u00e9es techniques.<\/h5>\n\n\n\n<p>Le site utilise la technologie JavaScript.<\/p>\n\n\n\n<p><em>Le site Internet ne pourra \u00eatre tenu responsable de dommages mat\u00e9riels li\u00e9s \u00e0 l\u2019utilisation du site. De plus, l\u2019utilisateur du site s\u2019engage \u00e0 acc\u00e9der au site en utilisant un mat\u00e9riel r\u00e9cent, ne contenant pas de virus et avec un navigateur de derni\u00e8re g\u00e9n\u00e9ration mis-\u00e0-jour.<br>Le site xavier-llongueras.com est h\u00e9berg\u00e9 chez OVH, prestataire de l\u2019Union Europ\u00e9enne conform\u00e9ment aux dispositions du r\u00e8glement g\u00e9n\u00e9ral sur la protection des donn\u00e9es<\/em> (<a href=\"https:\/\/www.cnil.fr\/fr\/reglement-europeen-protection-donnees\" target=\"_blank\" rel=\"noreferrer noopener\">RGPD : n\u00b0 2016-679<\/a>)<\/p>\n\n\n\n<p><em>L\u2019objectif est d\u2019apporter une prestation qui assure le meilleur taux d\u2019accessibilit\u00e9. L\u2019h\u00e9bergeur assure la continuit\u00e9 de son service 24 heures sur 24, tous les jours de l\u2019ann\u00e9e. Il se r\u00e9serve n\u00e9anmoins la possibilit\u00e9 d\u2019interrompre le service d\u2019h\u00e9bergement pour les dur\u00e9es les plus courtes possibles notamment \u00e0 des fins de maintenance, d\u2019am\u00e9lioration de ses infrastructures en cas de d\u00e9faillance ou si les prestations et services g\u00e9n\u00e8rent un trafic r\u00e9put\u00e9 anormal.<\/em><\/p>\n\n\n\n<p><em>Xavier Llongueras et l\u2019h\u00e9bergeur ne pourront \u00eatre tenus responsables en cas de dysfonctionnement du r\u00e9seau Internet, des lignes t\u00e9l\u00e9phoniques ou du mat\u00e9riel informatique et de t\u00e9l\u00e9phonie.<\/em><\/p>\n\n\n\n<h5 class=\"wp-block-heading\">5. Propri\u00e9t\u00e9 intellectuelle et contrefa\u00e7ons.<\/h5>\n\n\n\n<p><em>Xavier Llongueras est propri\u00e9taire des droits de propri\u00e9t\u00e9 intellectuelle et d\u00e9tient les droits d\u2019usage sur tous les \u00e9l\u00e9ments accessibles sur le site internet, notamment les textes, images, graphismes, logos, vid\u00e9os, ic\u00f4nes.<br>Toute reproduction, repr\u00e9sentation, modification, publication, adaptation de tout ou partie des \u00e9l\u00e9ments du site, quel que soit le moyen ou le proc\u00e9d\u00e9 utilis\u00e9, est interdite, sauf autorisation \u00e9crite pr\u00e9alable.<\/em><\/p>\n\n\n\n<p><em>Toute exploitation non autoris\u00e9e du site ou de l\u2019un quelconque des \u00e9l\u00e9ments qu\u2019il contient sera consid\u00e9r\u00e9e comme constitutive d\u2019une contrefa\u00e7on et poursuivie conform\u00e9ment aux dispositions des articles L.335-2 et suivants du Code de Propri\u00e9t\u00e9 Intellectuelle.<\/em><\/p>\n\n\n\n<h5 class=\"wp-block-heading\">6. Limitations de responsabilit\u00e9.<\/h5>\n\n\n\n<p><em>Xavier Llongueras agit en tant qu\u2019\u00e9diteur du site. Xavier Llongueras est responsable de la qualit\u00e9 et de la v\u00e9racit\u00e9 du contenu qu\u2019il publie.<\/em><\/p>\n\n\n\n<p><em>Xavier Llongueras ne pourra \u00eatre tenu responsable des dommages directs et indirects caus\u00e9s au mat\u00e9riel de l\u2019utilisateur, lors de l\u2019acc\u00e8s au site internet xavier-llongueras.com et r\u00e9sultant soit de l\u2019utilisation d\u2019un mat\u00e9riel ne r\u00e9pondant pas aux sp\u00e9cifications indiqu\u00e9es au point 4, soit de l\u2019apparition d\u2019un bug ou d\u2019une incompatibilit\u00e9.<\/em><\/p>\n\n\n\n<h5 class=\"wp-block-heading\">7. Gestion des donn\u00e9es personnelles.<\/h5>\n\n\n\n<p><em>Le Client est inform\u00e9 des r\u00e9glementations concernant la communication marketing, la loi du 21 Juin 2014 pour la confiance dans l\u2019\u00c9conomie Num\u00e9rique, la Loi Informatique et Libert\u00e9 du 06 Ao\u00fbt 2004 ainsi que du R\u00e8glement G\u00e9n\u00e9ral sur la Protection des Donn\u00e9es<\/em> (<a href=\"https:\/\/eur-lex.europa.eu\/legal-content\/FR\/TXT\/?uri=CELEX%3A32016R0679\" target=\"_blank\" rel=\"noreferrer noopener\">RGPD : n\u00b0 2016-679<\/a>).<\/p>\n\n\n\n<h6 class=\"wp-block-heading\">7.1 Responsables de la collecte des donn\u00e9es personnelles<\/h6>\n\n\n\n<p><em>Pour les donn\u00e9es personnelles collect\u00e9es dans le cadre de la cr\u00e9ation du compte personnel de l\u2019utilisateur et de sa navigation sur le site, le responsable du traitement des donn\u00e9es personnelles est Xavier Llongueras.<\/em><\/p>\n\n\n\n<p><em>Xavier Llongueras s\u2019engage \u00e0 respecter le cadre des dispositions l\u00e9gales en vigueur. Il lui appartient d\u2019\u00e9tablir les finalit\u00e9s de ses traitements de donn\u00e9es, de fournir \u00e0 ses clients, \u00e0 partir de la collecte de leurs consentements, une information compl\u00e8te sur le traitement de leurs donn\u00e9es personnelles et de maintenir un registre des traitements conforme \u00e0 la r\u00e9alit\u00e9.<\/em><\/p>\n\n\n\n<h6 class=\"wp-block-heading\">7.2 Finalit\u00e9 des donn\u00e9es collect\u00e9es<\/h6>\n\n\n\n<p><em>Xavier Llongueras ne commercialise pas vos donn\u00e9es personnelles qui sont donc uniquement utilis\u00e9es par n\u00e9cessit\u00e9 ou \u00e0 des fins statistiques et d\u2019analyses.<\/em><\/p>\n\n\n\n<h6 class=\"wp-block-heading\">7.3 Droit d\u2019acc\u00e8s, de rectification et d\u2019opposition<\/h6>\n\n\n\n<p><em>Conform\u00e9ment \u00e0 la r\u00e9glementation europ\u00e9enne en vigueur, les utilisateurs de xavier-llongueras.com disposent des droits suivants :<\/em><\/p>\n\n\n\n<ul class=\"wp-block-list\">\n<li>droit d\u2019acc\u00e8s (<a href=\"http:\/\/www.privacy-regulation.eu\/fr\/15.htm\" target=\"_blank\" rel=\"noreferrer noopener\">article 15 RGPD<\/a>) et de rectification (<a href=\"http:\/\/www.privacy-regulation.eu\/fr\/16.htm\">article 16 RGPD<\/a>), de mise \u00e0 jour, de compl\u00e9tude des donn\u00e9es des utilisateurs droit de verrouillage ou d\u2019effacement des donn\u00e9es des utilisateurs \u00e0 caract\u00e8re personnel (<a href=\"http:\/\/www.privacy-regulation.eu\/fr\/17.htm\" target=\"_blank\" rel=\"noreferrer noopener\">article 17 RGPD<\/a>), lorsqu\u2019elles sont inexactes, incompl\u00e8tes, \u00e9quivoques, p\u00e9rim\u00e9es, ou dont la collecte, l\u2019utilisation, la communication ou la conservation est interdite.<\/li>\n\n\n\n<li>droit de retirer \u00e0 tout moment un consentement (<a href=\"http:\/\/www.privacy-regulation.eu\/fr\/13.htm\">article 13-2c RGPD<\/a>)<\/li>\n\n\n\n<li>droit \u00e0 la limitation du traitement des donn\u00e9es des utilisateurs (<a href=\"http:\/\/www.privacy-regulation.eu\/fr\/18.htm\" target=\"_blank\" rel=\"noreferrer noopener\">article 18 RGPD<\/a>)<\/li>\n\n\n\n<li>droit d\u2019opposition au traitement des donn\u00e9es des utilisateurs (<a href=\"http:\/\/www.privacy-regulation.eu\/fr\/21.htm\">article 21 RGPD<\/a>)<\/li>\n\n\n\n<li>droit \u00e0 la portabilit\u00e9 des donn\u00e9es que les utilisateurs auront fournies, lorsque ces donn\u00e9es font l\u2019objet de traitements automatis\u00e9s fond\u00e9s sur leur consentement ou sur un contrat (<a href=\"http:\/\/www.privacy-regulation.eu\/fr\/20.htm\">article 20 RGPD<\/a>)<\/li>\n<\/ul>\n\n\n\n<p><em>Si l\u2019utilisateur souhaite savoir comment Xavier Llongueras utilise ses donn\u00e9es personnelles, demander \u00e0 les rectifier ou s\u2019oppose \u00e0 leur traitement, l\u2019utilisateur peut contacter Xavier Llongueras par \u00e9crit \u00e0 l\u2019adresse suivante : x.llongueras@me.com<\/em><\/p>\n\n\n\n<p><em>Les demandes de suppression de donn\u00e9es personnelles seront soumises aux obligations impos\u00e9es par la loi, notamment en mati\u00e8re de conservation ou d\u2019archivage des documents. Les utilisateurs de xavier-llongueras.com peuvent d\u00e9poser une r\u00e9clamation aupr\u00e8s des autorit\u00e9s de contr\u00f4le, et notamment de la <\/em>CNIL (<a href=\"https:\/\/www.cnil.fr\/fr\/plaintes\" target=\"_blank\" rel=\"noreferrer noopener\">https:\/\/www.cnil.fr\/fr\/plaintes<\/a>).<\/p>\n\n\n\n<h6 class=\"wp-block-heading\">7.4 Non-communication des donn\u00e9es personnelles<\/h6>\n\n\n\n<p><em>Xavier Llongueras s\u2019interdit de traiter, h\u00e9berger ou transf\u00e9rer les Informations collect\u00e9es sur les utilisateurs de xavier-llongueras.com vers un pays situ\u00e9 en dehors de l\u2019Union europ\u00e9enne ou reconnu comme \u00ab non ad\u00e9quat \u00bb par la Commission europ\u00e9enne sans en informer pr\u00e9alablement le client.<\/em> <\/p>\n\n\n\n<h6 class=\"wp-block-heading\">7.5 Types de donn\u00e9es collect\u00e9es<\/h6>\n\n\n\n<p><em>Concernant les utilisateurs du site xavier-llongueras.com, nous collectons les donn\u00e9es suivantes  indispensables au fonctionnement du service, et qui seront conserv\u00e9es pendant une p\u00e9riode maximale de 12 mois apr\u00e8s la fin de la relation contractuelle :<\/em><\/p>\n\n\n\n<ul class=\"wp-block-list\">\n<li><em>A des fins de statistiques d\u2019audience nous utilisons Google Analytics 4<\/em> (<a href=\"https:\/\/policies.google.com\/privacy?hl=fr\" target=\"_blank\" rel=\"noreferrer noopener\">politique de confidentialit\u00e9 de Google<\/a>)<\/li>\n<\/ul>\n\n\n\n<p><em>xavier-llongueras.com collecte en outre des informations qui permettent d\u2019am\u00e9liorer l\u2019exp\u00e9rience utilisateur et de proposer des conseils contextualis\u00e9s :<\/em><\/p>\n\n\n\n<ul class=\"wp-block-list\">\n<li>En cas d\u2019utilisation du formulaire de contact : Nom, adresse e-mail<\/li>\n\n\n\n<li>En cas d\u2019inscription \u00e0 la newsletter : adresse e-mail<\/li>\n<\/ul>\n\n\n\n<p><em>Ces donn\u00e9es sont conserv\u00e9es pour une p\u00e9riode maximale de 12 mois apr\u00e8s la fin de la relation contractuelle. Ces donn\u00e9es ne sont ni c\u00e9d\u00e9es, ni revendues.<\/em><\/p>\n\n\n\n<h5 class=\"wp-block-heading\">8. Notification d\u2019incident.<\/h5>\n\n\n\n<p><em>Quels que soient les efforts fournis, aucune m\u00e9thode de transmission sur Internet et aucune m\u00e9thode de stockage \u00e9lectronique n\u2019est compl\u00e8tement s\u00fbre. Nous ne pouvons en cons\u00e9quence pas garantir une s\u00e9curit\u00e9 absolue.<br>Si nous prenions connaissance d\u2019une br\u00e8che affectant s\u00e9curit\u00e9, nous avertirions les utilisateurs concern\u00e9s afin qu\u2019ils puissent prendre les mesures appropri\u00e9es. Nos proc\u00e9dures de notification d\u2019incident tiennent compte de nos obligations l\u00e9gales, qu\u2019elles se situent au niveau national ou europ\u00e9en. Nous nous engageons \u00e0 informer pleinement nos clients de toutes les questions relevant de la s\u00e9curit\u00e9 de leur compte et \u00e0 leur fournir toutes les informations n\u00e9cessaires pour les aider \u00e0 respecter leurs propres obligations r\u00e9glementaires en mati\u00e8re de reporting.<\/em><\/p>\n\n\n\n<p><em>Aucune information personnelle de l\u2019utilisateur de xavier-llongueras.com n\u2019est publi\u00e9e \u00e0 l\u2019insu de l\u2019utilisateur, \u00e9chang\u00e9e, transf\u00e9r\u00e9e, c\u00e9d\u00e9e ou vendue sur un support quelconque \u00e0 des tiers. <\/em><\/p>\n\n\n\n<h5 class=\"wp-block-heading\">S\u00e9curit\u00e9<\/h5>\n\n\n\n<p><em>Pour assurer la s\u00e9curit\u00e9 et la confidentialit\u00e9 des Donn\u00e9es Personnelles et des Donn\u00e9es Personnelles de Sant\u00e9, xavier-llongueras.com utilise des r\u00e9seaux prot\u00e9g\u00e9s par des dispositifs standards tels que pare-feu, pseudo-nymisation, encryption et mot de passe.<\/em><\/p>\n\n\n\n<p><em>Lors du traitement des donn\u00e9es personnelles, xavier-llongueras.com prend toutes les mesures raisonnables visant \u00e0 les prot\u00e9ger contre toute perte, utilisation d\u00e9tourn\u00e9e, acc\u00e8s non autoris\u00e9, divulgation, alt\u00e9ration ou destruction.<\/em><\/p>\n\n\n\n<h6 class=\"wp-block-heading\">9. Droit applicable et attribution de juridiction.<\/h6>\n\n\n\n<p><em>Tout litige en relation avec l\u2019utilisation du site xavier-llongueras.com est soumis au droit fran\u00e7ais.<br>En dehors des cas o\u00f9 la loi ne le permet pas, il est fait attribution exclusive de juridiction aux tribunaux comp\u00e9tents de Montpellier.<\/em><\/p>\n","protected":false},"excerpt":{"rendered":"<p>1. Pr\u00e9sentation du site internet. Propri\u00e9taire\u00a0: Xavier Llongueras \u2013 34000 Montpellier x.llongueras@me.com Responsable publication\u00a0: Xavier Llonguerass \u2013 x.llongueras@me.comR\u00e9alisation\u00a0:\u00a0AGNES L\u00a0\u2013 contact@agnesl.frH\u00e9bergeur\u00a0: OVH \u2013 2 rue Kellermann 59100 Roubaix \u2013 1007D\u00e9l\u00e9gu\u00e9 \u00e0 la protection des donn\u00e9es\u00a0: Xavier Llongueras &#8211; x.llongueras@me.com 2. Conditions g\u00e9n\u00e9rales d\u2019utilisation du site. Le site constitue une \u0153uvre de l\u2019esprit prot\u00e9g\u00e9e par les dispositions [&hellip;]<\/p>\n","protected":false},"author":1,"featured_media":0,"parent":0,"menu_order":0,"comment_status":"closed","ping_status":"open","template":"","meta":{"footnotes":""},"class_list":["post-3","page","type-page","status-publish","hentry"],"_links":{"self":[{"href":"https:\/\/xavier-llongueras.com\/index.php\/wp-json\/wp\/v2\/pages\/3","targetHints":{"allow":["GET"]}}],"collection":[{"href":"https:\/\/xavier-llongueras.com\/index.php\/wp-json\/wp\/v2\/pages"}],"about":[{"href":"https:\/\/xavier-llongueras.com\/index.php\/wp-json\/wp\/v2\/types\/page"}],"author":[{"embeddable":true,"href":"https:\/\/xavier-llongueras.com\/index.php\/wp-json\/wp\/v2\/users\/1"}],"replies":[{"embeddable":true,"href":"https:\/\/xavier-llongueras.com\/index.php\/wp-json\/wp\/v2\/comments?post=3"}],"version-history":[{"count":16,"href":"https:\/\/xavier-llongueras.com\/index.php\/wp-json\/wp\/v2\/pages\/3\/revisions"}],"predecessor-version":[{"id":8174,"href":"https:\/\/xavier-llongueras.com\/index.php\/wp-json\/wp\/v2\/pages\/3\/revisions\/8174"}],"wp:attachment":[{"href":"https:\/\/xavier-llongueras.com\/index.php\/wp-json\/wp\/v2\/media?parent=3"}],"curies":[{"name":"wp","href":"https:\/\/api.w.org\/{rel}","templated":true}]}}